{"id":607,"date":"2025-11-26T18:34:16","date_gmt":"2025-11-26T17:34:16","guid":{"rendered":"https:\/\/win.com.mx\/?page_id=607"},"modified":"2026-04-15T21:17:00","modified_gmt":"2026-04-15T19:17:00","slug":"nosotros","status":"publish","type":"page","link":"https:\/\/win.com.mx\/en\/nosotros\/","title":{"rendered":"About us"},"content":{"rendered":"<div data-elementor-type=\"wp-page\" data-elementor-id=\"607\" class=\"elementor elementor-607\">\n\t\t\t\t\t\t<section class=\"elementor-section elementor-top-section elementor-element elementor-element-da7b97a elementor-section-boxed elementor-section-height-default elementor-section-height-default\" data-id=\"da7b97a\" data-element_type=\"section\" data-e-type=\"section\">\n\t\t\t\t\t\t<div class=\"elementor-container elementor-column-gap-default\">\n\t\t\t\t\t<div class=\"elementor-column elementor-col-100 elementor-top-column elementor-element elementor-element-a8bbbce\" data-id=\"a8bbbce\" data-element_type=\"column\" data-e-type=\"column\">\n\t\t\t<div class=\"elementor-widget-wrap elementor-element-populated\">\n\t\t\t\t\t\t<div class=\"elementor-element elementor-element-a74d988 elementor-widget elementor-widget-html\" data-id=\"a74d988\" data-element_type=\"widget\" data-e-type=\"widget\" data-widget_type=\"html.default\">\n\t\t\t\t\t<style>.custom-logo {\n  content: url(\"https:\/\/win.com.mx\/wp-content\/uploads\/2025\/12\/Recurso-5@4x.png\");\n}\n\n#menu-home-menu\n{\n\tbackground-color: #d1efed !important;\n\tbox-shadow: 0px 4px 10px rgba(0,0,0,0.25);\n\n}\n\n#site-navigation a{\n\tcolor:#00557f !important;\n\tfont-family: Helvetica;\ntext-shadow: 3px 3px 4px rgba(0, 0, 0, 0); \n\t\n\t\n}\n\n.stroke-blanco {\n    text-shadow:\n        -2px -2px 0 #fff,\n         2px -2px 0 #fff,\n        -2px  2px 0 #fff,\n         2px  2px 0 #fff;\n}\n\n\n<\/style>\t\t\t\t<\/div>\n\t\t\t\t\t<\/div>\n\t\t<\/div>\n\t\t\t\t\t<\/div>\n\t\t<\/section>\n\t\t\t\t<section class=\"elementor-section elementor-top-section elementor-element elementor-element-bd053a2 elementor-section-full_width elementor-section-stretched elementor-section-height-default elementor-section-height-default\" data-id=\"bd053a2\" data-element_type=\"section\" data-e-type=\"section\" data-settings=\"{&quot;stretch_section&quot;:&quot;section-stretched&quot;,&quot;background_background&quot;:&quot;classic&quot;}\">\n\t\t\t\t\t\t<div class=\"elementor-container elementor-column-gap-no\">\n\t\t\t\t\t<div class=\"elementor-column elementor-col-50 elementor-top-column elementor-element elementor-element-098cbca\" data-id=\"098cbca\" data-element_type=\"column\" data-e-type=\"column\">\n\t\t\t<div class=\"elementor-widget-wrap elementor-element-populated\">\n\t\t\t\t\t\t<div class=\"elementor-element elementor-element-347302c HelveticaBold elementor-widget elementor-widget-text-editor\" data-id=\"347302c\" data-element_type=\"widget\" data-e-type=\"widget\" data-widget_type=\"text-editor.default\">\n\t\t\t\t\t\t\t\t\t<p>At WIN, we turn ideas into<\/p>\t\t\t\t\t\t\t\t<\/div>\n\t\t\t\t<div class=\"elementor-element elementor-element-37f4a54 Sisterhood elementor-widget elementor-widget-text-editor\" data-id=\"37f4a54\" data-element_type=\"widget\" data-e-type=\"widget\" data-widget_type=\"text-editor.default\">\n\t\t\t\t\t\t\t\t\t<p>functional solutions<\/p>\t\t\t\t\t\t\t\t<\/div>\n\t\t\t\t<section class=\"elementor-section elementor-inner-section elementor-element elementor-element-01d46e5 elementor-section-boxed elementor-section-height-default elementor-section-height-default\" data-id=\"01d46e5\" data-element_type=\"section\" data-e-type=\"section\">\n\t\t\t\t\t\t<div class=\"elementor-container elementor-column-gap-no\">\n\t\t\t\t\t<div class=\"elementor-column elementor-col-100 elementor-inner-column elementor-element elementor-element-af9c000\" data-id=\"af9c000\" data-element_type=\"column\" data-e-type=\"column\">\n\t\t\t<div class=\"elementor-widget-wrap elementor-element-populated\">\n\t\t\t\t\t\t<div class=\"elementor-element elementor-element-aca3359 HelveticaBold elementor-widget__width-auto elementor-widget elementor-widget-text-editor\" data-id=\"aca3359\" data-element_type=\"widget\" data-e-type=\"widget\" data-widget_type=\"text-editor.default\">\n\t\t\t\t\t\t\t\t\t<p>to improve the<\/p>\t\t\t\t\t\t\t\t<\/div>\n\t\t\t\t<div class=\"elementor-element elementor-element-049988d Sisterhood elementor-widget__width-auto elementor-widget elementor-widget-text-editor\" data-id=\"049988d\" data-element_type=\"widget\" data-e-type=\"widget\" data-widget_type=\"text-editor.default\">\n\t\t\t\t\t\t\t\t\t<p>nutrition<\/p>\t\t\t\t\t\t\t\t<\/div>\n\t\t\t\t\t<\/div>\n\t\t<\/div>\n\t\t\t\t\t<\/div>\n\t\t<\/section>\n\t\t\t\t<div class=\"elementor-element elementor-element-632ccff HelveticaBold elementor-widget elementor-widget-text-editor\" data-id=\"632ccff\" data-element_type=\"widget\" data-e-type=\"widget\" data-widget_type=\"text-editor.default\">\n\t\t\t\t\t\t\t\t\t<p>of the present and the future.<\/p>\t\t\t\t\t\t\t\t<\/div>\n\t\t\t\t<div class=\"elementor-element elementor-element-5fa3e3c elementor-widget elementor-widget-spacer\" data-id=\"5fa3e3c\" data-element_type=\"widget\" data-e-type=\"widget\" data-widget_type=\"spacer.default\">\n\t\t\t\t\t\t\t<div class=\"elementor-spacer\">\n\t\t\t<div class=\"elementor-spacer-inner\"><\/div>\n\t\t<\/div>\n\t\t\t\t\t\t<\/div>\n\t\t\t\t<div class=\"elementor-element elementor-element-8139c0d Helvetica elementor-widget elementor-widget-text-editor\" data-id=\"8139c0d\" data-element_type=\"widget\" data-e-type=\"widget\" data-widget_type=\"text-editor.default\">\n\t\t\t\t\t\t\t\t\t<p>We are a Mexican company with an international vision, founded in 2006. We specialize in the <b>development, production, and commercialization of customized ingredients and blends for the food, supplement, and beverage industries.<\/b><\/p>\t\t\t\t\t\t\t\t<\/div>\n\t\t\t\t\t<\/div>\n\t\t<\/div>\n\t\t\t\t<div class=\"elementor-column elementor-col-50 elementor-top-column elementor-element elementor-element-edb61fc\" data-id=\"edb61fc\" data-element_type=\"column\" data-e-type=\"column\" data-settings=\"{&quot;background_background&quot;:&quot;classic&quot;}\">\n\t\t\t<div class=\"elementor-widget-wrap elementor-element-populated\">\n\t\t\t\t\t\t<div class=\"elementor-element elementor-element-f0d7be0 elementor-widget elementor-widget-image\" data-id=\"f0d7be0\" data-element_type=\"widget\" data-e-type=\"widget\" data-widget_type=\"image.default\">\n\t\t\t\t\t\t\t\t\t\t\t\t\t\t\t<img fetchpriority=\"high\" decoding=\"async\" width=\"876\" height=\"876\" src=\"https:\/\/win.com.mx\/wp-content\/uploads\/2025\/12\/1.1.Fotos-copy.png\" class=\"elementor-animation-float attachment-full size-full wp-image-703\" alt=\"\" srcset=\"https:\/\/win.com.mx\/wp-content\/uploads\/2025\/12\/1.1.Fotos-copy.png 876w, https:\/\/win.com.mx\/wp-content\/uploads\/2025\/12\/1.1.Fotos-copy-300x300.png 300w, https:\/\/win.com.mx\/wp-content\/uploads\/2025\/12\/1.1.Fotos-copy-150x150.png 150w, https:\/\/win.com.mx\/wp-content\/uploads\/2025\/12\/1.1.Fotos-copy-768x768.png 768w\" sizes=\"(max-width: 876px) 100vw, 876px\" \/>\t\t\t\t\t\t\t\t\t\t\t\t\t\t\t<\/div>\n\t\t\t\t\t<\/div>\n\t\t<\/div>\n\t\t\t\t\t<\/div>\n\t\t<\/section>\n\t\t\t\t<section class=\"elementor-section elementor-top-section elementor-element elementor-element-1ba9fd5 elementor-section-stretched elementor-section-boxed elementor-section-height-default elementor-section-height-default\" data-id=\"1ba9fd5\" data-element_type=\"section\" data-e-type=\"section\" data-settings=\"{&quot;stretch_section&quot;:&quot;section-stretched&quot;,&quot;background_background&quot;:&quot;classic&quot;}\">\n\t\t\t\t\t\t<div class=\"elementor-container elementor-column-gap-no\">\n\t\t\t\t\t<div class=\"elementor-column elementor-col-100 elementor-top-column elementor-element elementor-element-c6e456d\" data-id=\"c6e456d\" data-element_type=\"column\" data-e-type=\"column\">\n\t\t\t<div class=\"elementor-widget-wrap elementor-element-populated\">\n\t\t\t\t\t\t<div class=\"elementor-element elementor-element-3e73eb4 Helvetica elementor-widget elementor-widget-text-editor\" data-id=\"3e73eb4\" data-element_type=\"widget\" data-e-type=\"widget\" data-widget_type=\"text-editor.default\">\n\t\t\t\t\t\t\t\t\t<p>Our proposal is based on<\/p>\t\t\t\t\t\t\t\t<\/div>\n\t\t\t\t<div class=\"elementor-element elementor-element-e7ee4c0 Sisterhood stroke-blanco elementor-widget elementor-widget-text-editor\" data-id=\"e7ee4c0\" data-element_type=\"widget\" data-e-type=\"widget\" data-widget_type=\"text-editor.default\">\n\t\t\t\t\t\t\t\t\t<p>3 pillars<\/p>\t\t\t\t\t\t\t\t<\/div>\n\t\t\t\t<section class=\"elementor-section elementor-inner-section elementor-element elementor-element-b89ac7e elementor-section-boxed elementor-section-height-default elementor-section-height-default\" data-id=\"b89ac7e\" data-element_type=\"section\" data-e-type=\"section\">\n\t\t\t\t\t\t<div class=\"elementor-container elementor-column-gap-default\">\n\t\t\t\t\t<div class=\"elementor-column elementor-col-50 elementor-inner-column elementor-element elementor-element-38661b2\" data-id=\"38661b2\" data-element_type=\"column\" data-e-type=\"column\">\n\t\t\t<div class=\"elementor-widget-wrap elementor-element-populated\">\n\t\t\t\t\t\t<div class=\"elementor-element elementor-element-b86eb90 elementor-widget elementor-widget-image\" data-id=\"b86eb90\" data-element_type=\"widget\" data-e-type=\"widget\" data-widget_type=\"image.default\">\n\t\t\t\t\t\t\t\t\t\t\t\t\t\t\t<img decoding=\"async\" width=\"480\" height=\"280\" src=\"https:\/\/win.com.mx\/wp-content\/uploads\/2026\/01\/Elementos1.1-2.png\" class=\"elementor-animation-wobble-to-top-right attachment-full size-full wp-image-2051\" alt=\"\" srcset=\"https:\/\/win.com.mx\/wp-content\/uploads\/2026\/01\/Elementos1.1-2.png 480w, https:\/\/win.com.mx\/wp-content\/uploads\/2026\/01\/Elementos1.1-2-300x175.png 300w, https:\/\/win.com.mx\/wp-content\/uploads\/2026\/01\/Elementos1.1-2-18x12.png 18w\" sizes=\"(max-width: 480px) 100vw, 480px\" \/>\t\t\t\t\t\t\t\t\t\t\t\t\t\t\t<\/div>\n\t\t\t\t<div class=\"elementor-element elementor-element-4a92071 elementor-widget elementor-widget-image\" data-id=\"4a92071\" data-element_type=\"widget\" data-e-type=\"widget\" data-widget_type=\"image.default\">\n\t\t\t\t\t\t\t\t\t\t\t\t\t\t\t<img decoding=\"async\" width=\"480\" height=\"280\" src=\"https:\/\/win.com.mx\/wp-content\/uploads\/2026\/01\/Elementos1.2-2.png\" class=\"elementor-animation-wobble-to-top-right attachment-full size-full wp-image-2052\" alt=\"\" srcset=\"https:\/\/win.com.mx\/wp-content\/uploads\/2026\/01\/Elementos1.2-2.png 480w, https:\/\/win.com.mx\/wp-content\/uploads\/2026\/01\/Elementos1.2-2-300x175.png 300w, https:\/\/win.com.mx\/wp-content\/uploads\/2026\/01\/Elementos1.2-2-18x12.png 18w\" sizes=\"(max-width: 480px) 100vw, 480px\" \/>\t\t\t\t\t\t\t\t\t\t\t\t\t\t\t<\/div>\n\t\t\t\t<div class=\"elementor-element elementor-element-42f7aaa elementor-widget elementor-widget-image\" data-id=\"42f7aaa\" data-element_type=\"widget\" data-e-type=\"widget\" data-widget_type=\"image.default\">\n\t\t\t\t\t\t\t\t\t\t\t\t\t\t\t<img loading=\"lazy\" decoding=\"async\" width=\"480\" height=\"280\" src=\"https:\/\/win.com.mx\/wp-content\/uploads\/2026\/01\/Elementos1.3-2.png\" class=\"elementor-animation-wobble-to-top-right attachment-full size-full wp-image-2053\" alt=\"\" srcset=\"https:\/\/win.com.mx\/wp-content\/uploads\/2026\/01\/Elementos1.3-2.png 480w, https:\/\/win.com.mx\/wp-content\/uploads\/2026\/01\/Elementos1.3-2-300x175.png 300w, https:\/\/win.com.mx\/wp-content\/uploads\/2026\/01\/Elementos1.3-2-18x12.png 18w\" sizes=\"(max-width: 480px) 100vw, 480px\" \/>\t\t\t\t\t\t\t\t\t\t\t\t\t\t\t<\/div>\n\t\t\t\t\t<\/div>\n\t\t<\/div>\n\t\t\t\t<div class=\"elementor-column elementor-col-50 elementor-inner-column elementor-element elementor-element-2915495\" data-id=\"2915495\" data-element_type=\"column\" data-e-type=\"column\">\n\t\t\t<div class=\"elementor-widget-wrap elementor-element-populated\">\n\t\t\t\t\t\t<div class=\"elementor-element elementor-element-80a9e12 Helvetica-Oblique elementor-widget elementor-widget-text-editor\" data-id=\"80a9e12\" data-element_type=\"widget\" data-e-type=\"widget\" data-widget_type=\"text-editor.default\">\n\t\t\t\t\t\t\t\t\t<p><strong>Science:<\/strong> <em>each formula is based on nutritional evidence and rigorous technical support.<\/em><\/p>\t\t\t\t\t\t\t\t<\/div>\n\t\t\t\t<div class=\"elementor-element elementor-element-2855220 Helvetica-Oblique elementor-widget elementor-widget-text-editor\" data-id=\"2855220\" data-element_type=\"widget\" data-e-type=\"widget\" data-widget_type=\"text-editor.default\">\n\t\t\t\t\t\t\t\t\t<p><strong>Personalization:<\/strong> <em>we adapt each development to the sensory, regulatory, and functional needs of our clients.<\/em><\/p>\t\t\t\t\t\t\t\t<\/div>\n\t\t\t\t<div class=\"elementor-element elementor-element-9a605db Helvetica-Oblique elementor-widget elementor-widget-text-editor\" data-id=\"9a605db\" data-element_type=\"widget\" data-e-type=\"widget\" data-widget_type=\"text-editor.default\">\n\t\t\t\t\t\t\t\t\t<p><strong>Trust:<\/strong> <em>we operate under international certifications that guarantee safety, traceability, and excellence.<\/em><\/p>\t\t\t\t\t\t\t\t<\/div>\n\t\t\t\t\t<\/div>\n\t\t<\/div>\n\t\t\t\t\t<\/div>\n\t\t<\/section>\n\t\t\t\t\t<\/div>\n\t\t<\/div>\n\t\t\t\t\t<\/div>\n\t\t<\/section>\n\t\t\t\t<section class=\"elementor-section elementor-top-section elementor-element elementor-element-cdc6f78 elementor-section-full_width elementor-section-stretched elementor-section-height-default elementor-section-height-default\" data-id=\"cdc6f78\" data-element_type=\"section\" data-e-type=\"section\" data-settings=\"{&quot;stretch_section&quot;:&quot;section-stretched&quot;,&quot;background_background&quot;:&quot;classic&quot;}\">\n\t\t\t\t\t\t<div class=\"elementor-container elementor-column-gap-default\">\n\t\t\t\t\t<div class=\"elementor-column elementor-col-100 elementor-top-column elementor-element elementor-element-132ca90\" data-id=\"132ca90\" data-element_type=\"column\" data-e-type=\"column\">\n\t\t\t<div class=\"elementor-widget-wrap elementor-element-populated\">\n\t\t\t\t\t\t<div class=\"elementor-element elementor-element-c624176 Sisterhood elementor-widget elementor-widget-text-editor\" data-id=\"c624176\" data-element_type=\"widget\" data-e-type=\"widget\" data-widget_type=\"text-editor.default\">\n\t\t\t\t\t\t\t\t\t<p>Certifications<\/p>\t\t\t\t\t\t\t\t<\/div>\n\t\t\t\t<section class=\"elementor-section elementor-inner-section elementor-element elementor-element-1e8d958 elementor-section-full_width elementor-section-height-default elementor-section-height-default\" data-id=\"1e8d958\" data-element_type=\"section\" data-e-type=\"section\" data-settings=\"{&quot;background_background&quot;:&quot;classic&quot;}\">\n\t\t\t\t\t\t<div class=\"elementor-container elementor-column-gap-narrow\">\n\t\t\t\t\t<div class=\"elementor-column elementor-col-25 elementor-inner-column elementor-element elementor-element-ab5696a\" data-id=\"ab5696a\" data-element_type=\"column\" data-e-type=\"column\">\n\t\t\t<div class=\"elementor-widget-wrap elementor-element-populated\">\n\t\t\t\t\t\t<div class=\"elementor-element elementor-element-fff509e elementor-widget elementor-widget-image\" data-id=\"fff509e\" data-element_type=\"widget\" data-e-type=\"widget\" data-widget_type=\"image.default\">\n\t\t\t\t\t\t\t\t\t\t\t\t\t\t\t<img loading=\"lazy\" decoding=\"async\" width=\"1500\" height=\"1500\" src=\"https:\/\/win.com.mx\/wp-content\/uploads\/2026\/04\/sqf.png\" class=\"elementor-animation-grow attachment-full size-full wp-image-2517\" alt=\"\" \/>\t\t\t\t\t\t\t\t\t\t\t\t\t\t\t<\/div>\n\t\t\t\t\t<\/div>\n\t\t<\/div>\n\t\t\t\t<div class=\"elementor-column elementor-col-25 elementor-inner-column elementor-element elementor-element-ace4c8f\" data-id=\"ace4c8f\" data-element_type=\"column\" data-e-type=\"column\">\n\t\t\t<div class=\"elementor-widget-wrap elementor-element-populated\">\n\t\t\t\t\t\t<div class=\"elementor-element elementor-element-684aa8f elementor-widget elementor-widget-image\" data-id=\"684aa8f\" data-element_type=\"widget\" data-e-type=\"widget\" data-widget_type=\"image.default\">\n\t\t\t\t\t\t\t\t\t\t\t\t\t\t\t<img loading=\"lazy\" decoding=\"async\" width=\"1500\" height=\"1500\" src=\"https:\/\/win.com.mx\/wp-content\/uploads\/2026\/04\/haccp.png\" class=\"elementor-animation-grow attachment-full size-full wp-image-2514\" alt=\"\" \/>\t\t\t\t\t\t\t\t\t\t\t\t\t\t\t<\/div>\n\t\t\t\t\t<\/div>\n\t\t<\/div>\n\t\t\t\t<div class=\"elementor-column elementor-col-25 elementor-inner-column elementor-element elementor-element-f38d08c\" data-id=\"f38d08c\" data-element_type=\"column\" data-e-type=\"column\">\n\t\t\t<div class=\"elementor-widget-wrap elementor-element-populated\">\n\t\t\t\t\t\t<div class=\"elementor-element elementor-element-c39592a elementor-widget elementor-widget-image\" data-id=\"c39592a\" data-element_type=\"widget\" data-e-type=\"widget\" data-widget_type=\"image.default\">\n\t\t\t\t\t\t\t\t\t\t\t\t\t\t\t<img loading=\"lazy\" decoding=\"async\" width=\"1500\" height=\"1500\" src=\"https:\/\/win.com.mx\/wp-content\/uploads\/2026\/04\/k.png\" class=\"elementor-animation-grow attachment-full size-full wp-image-2516\" alt=\"\" \/>\t\t\t\t\t\t\t\t\t\t\t\t\t\t\t<\/div>\n\t\t\t\t\t<\/div>\n\t\t<\/div>\n\t\t\t\t<div class=\"elementor-column elementor-col-25 elementor-inner-column elementor-element elementor-element-10377cc\" data-id=\"10377cc\" data-element_type=\"column\" data-e-type=\"column\">\n\t\t\t<div class=\"elementor-widget-wrap elementor-element-populated\">\n\t\t\t\t\t\t<div class=\"elementor-element elementor-element-8285e2d elementor-widget elementor-widget-image\" data-id=\"8285e2d\" data-element_type=\"widget\" data-e-type=\"widget\" data-widget_type=\"image.default\">\n\t\t\t\t\t\t\t\t\t\t\t\t\t\t\t<img loading=\"lazy\" decoding=\"async\" width=\"1500\" height=\"1500\" src=\"https:\/\/win.com.mx\/wp-content\/uploads\/2026\/04\/halal.png\" class=\"elementor-animation-grow attachment-full size-full wp-image-2515\" alt=\"\" \/>\t\t\t\t\t\t\t\t\t\t\t\t\t\t\t<\/div>\n\t\t\t\t\t<\/div>\n\t\t<\/div>\n\t\t\t\t\t<\/div>\n\t\t<\/section>\n\t\t\t\t\t<\/div>\n\t\t<\/div>\n\t\t\t\t\t<\/div>\n\t\t<\/section>\n\t\t\t\t<section class=\"elementor-section elementor-top-section elementor-element elementor-element-090f967 elementor-section-stretched elementor-section-boxed elementor-section-height-default elementor-section-height-default\" data-id=\"090f967\" data-element_type=\"section\" data-e-type=\"section\" data-settings=\"{&quot;stretch_section&quot;:&quot;section-stretched&quot;}\">\n\t\t\t\t\t\t<div class=\"elementor-container elementor-column-gap-default\">\n\t\t\t\t\t<div class=\"elementor-column elementor-col-100 elementor-top-column elementor-element elementor-element-aa101b0\" data-id=\"aa101b0\" data-element_type=\"column\" data-e-type=\"column\">\n\t\t\t<div class=\"elementor-widget-wrap elementor-element-populated\">\n\t\t\t\t\t\t<div class=\"elementor-element elementor-element-3d0051b elementor-align-center Helvetica elementor-widget elementor-widget-button\" data-id=\"3d0051b\" data-element_type=\"widget\" data-e-type=\"widget\" data-widget_type=\"button.default\">\n\t\t\t\t\t\t\t\t\t\t<a class=\"elementor-button elementor-button-link elementor-size-sm\" href=\"https:\/\/win.com.mx\/en\/contacto\/\">\n\t\t\t\t\t\t<span class=\"elementor-button-content-wrapper\">\n\t\t\t\t\t\t\t\t\t<span class=\"elementor-button-text\">Discover our philosophy<\/span>\n\t\t\t\t\t<\/span>\n\t\t\t\t\t<\/a>\n\t\t\t\t\t\t\t\t<\/div>\n\t\t\t\t<div class=\"elementor-element elementor-element-f54a7b6 elementor-align-center Helvetica elementor-widget elementor-widget-button\" data-id=\"f54a7b6\" data-element_type=\"widget\" data-e-type=\"widget\" data-widget_type=\"button.default\">\n\t\t\t\t\t\t\t\t\t\t<a class=\"elementor-button elementor-button-link elementor-size-sm\" href=\"https:\/\/win.com.mx\/en\/contacto\/\">\n\t\t\t\t\t\t<span class=\"elementor-button-content-wrapper\">\n\t\t\t\t\t\t\t\t\t<span class=\"elementor-button-text\">Check our quality standards<\/span>\n\t\t\t\t\t<\/span>\n\t\t\t\t\t<\/a>\n\t\t\t\t\t\t\t\t<\/div>\n\t\t\t\t\t<\/div>\n\t\t<\/div>\n\t\t\t\t\t<\/div>\n\t\t<\/section>\n\t\t\t\t<\/div>","protected":false},"excerpt":{"rendered":"<p>En WIN, transformamos ideas en soluciones funcionales para mejorar la nutrici\u00f3n del presente y del futuro. Somos una empresa mexicana con vocaci\u00f3n internacional, fundada en 2006. Nos especializamos en el desarrollo, producci\u00f3n y comercializaci\u00f3n de ingredientes y mezclas personalizadas para la industria de alimentos, suplementos y bebidas. Nuestra propuesta se basa en 3 pilares Ciencia:&hellip;<\/p>","protected":false},"author":1,"featured_media":0,"parent":0,"menu_order":0,"comment_status":"closed","ping_status":"closed","template":"","meta":{"footnotes":""},"class_list":["post-607","page","type-page","status-publish","hentry"],"_links":{"self":[{"href":"https:\/\/win.com.mx\/en\/wp-json\/wp\/v2\/pages\/607","targetHints":{"allow":["GET"]}}],"collection":[{"href":"https:\/\/win.com.mx\/en\/wp-json\/wp\/v2\/pages"}],"about":[{"href":"https:\/\/win.com.mx\/en\/wp-json\/wp\/v2\/types\/page"}],"author":[{"embeddable":true,"href":"https:\/\/win.com.mx\/en\/wp-json\/wp\/v2\/users\/1"}],"replies":[{"embeddable":true,"href":"https:\/\/win.com.mx\/en\/wp-json\/wp\/v2\/comments?post=607"}],"version-history":[{"count":3,"href":"https:\/\/win.com.mx\/en\/wp-json\/wp\/v2\/pages\/607\/revisions"}],"predecessor-version":[{"id":2520,"href":"https:\/\/win.com.mx\/en\/wp-json\/wp\/v2\/pages\/607\/revisions\/2520"}],"wp:attachment":[{"href":"https:\/\/win.com.mx\/en\/wp-json\/wp\/v2\/media?parent=607"}],"curies":[{"name":"wp","href":"https:\/\/api.w.org\/{rel}","templated":true}]}}