{"id":611,"date":"2025-11-26T18:34:57","date_gmt":"2025-11-26T17:34:57","guid":{"rendered":"https:\/\/win.com.mx\/?page_id=611"},"modified":"2026-01-09T03:07:28","modified_gmt":"2026-01-09T02:07:28","slug":"responsabilidad-social","status":"publish","type":"page","link":"https:\/\/win.com.mx\/en\/responsabilidad-social\/","title":{"rendered":"Social Responsability"},"content":{"rendered":"<div data-elementor-type=\"wp-page\" data-elementor-id=\"611\" class=\"elementor elementor-611\">\n\t\t\t\t\t\t<section class=\"elementor-section elementor-top-section elementor-element elementor-element-29255c9 elementor-section-boxed elementor-section-height-default elementor-section-height-default\" data-id=\"29255c9\" data-element_type=\"section\" data-e-type=\"section\">\n\t\t\t\t\t\t<div class=\"elementor-container elementor-column-gap-default\">\n\t\t\t\t\t<div class=\"elementor-column elementor-col-100 elementor-top-column elementor-element elementor-element-a79a374\" data-id=\"a79a374\" data-element_type=\"column\" data-e-type=\"column\">\n\t\t\t<div class=\"elementor-widget-wrap elementor-element-populated\">\n\t\t\t\t\t\t<div class=\"elementor-element elementor-element-45b7639 elementor-widget elementor-widget-html\" data-id=\"45b7639\" data-element_type=\"widget\" data-e-type=\"widget\" data-widget_type=\"html.default\">\n\t\t\t\t\t<style>\n\n\n#menu-home-menu\n{\n\tbackground-color: #0075c8 !important;\n\tbox-shadow: 0px 4px 10px rgba(0,0,0,0.25);\n\n}\n\n#site-navigation a{\n\tcolor:white !important;\n\tfont-family: Helvetica;\ntext-shadow: 3px 3px 4px rgba(0, 0, 0, 0); \n\t\n\t\n}\n\n\n\n\n<\/style>\t\t\t\t<\/div>\n\t\t\t\t\t<\/div>\n\t\t<\/div>\n\t\t\t\t\t<\/div>\n\t\t<\/section>\n\t\t\t\t<section class=\"elementor-section elementor-top-section elementor-element elementor-element-a989589 elementor-section-full_width elementor-section-stretched elementor-section-height-default elementor-section-height-default\" data-id=\"a989589\" data-element_type=\"section\" data-e-type=\"section\" data-settings=\"{&quot;stretch_section&quot;:&quot;section-stretched&quot;,&quot;background_background&quot;:&quot;classic&quot;}\">\n\t\t\t\t\t\t<div class=\"elementor-container elementor-column-gap-no\">\n\t\t\t\t\t<div class=\"elementor-column elementor-col-50 elementor-top-column elementor-element elementor-element-4509195\" data-id=\"4509195\" data-element_type=\"column\" data-e-type=\"column\">\n\t\t\t<div class=\"elementor-widget-wrap elementor-element-populated\">\n\t\t\t\t\t\t<section class=\"elementor-section elementor-inner-section elementor-element elementor-element-db59a98 elementor-section-boxed elementor-section-height-default elementor-section-height-default\" data-id=\"db59a98\" data-element_type=\"section\" data-e-type=\"section\">\n\t\t\t\t\t\t<div class=\"elementor-container elementor-column-gap-no\">\n\t\t\t\t\t<div class=\"elementor-column elementor-col-100 elementor-inner-column elementor-element elementor-element-3947738\" data-id=\"3947738\" data-element_type=\"column\" data-e-type=\"column\">\n\t\t\t<div class=\"elementor-widget-wrap elementor-element-populated\">\n\t\t\t\t\t\t<div class=\"elementor-element elementor-element-d197426 Helvetica elementor-widget__width-auto elementor-widget elementor-widget-text-editor\" data-id=\"d197426\" data-element_type=\"widget\" data-e-type=\"widget\" data-widget_type=\"text-editor.default\">\n\t\t\t\t\t\t\t\t\t<p>We believe in the<\/p>\t\t\t\t\t\t\t\t<\/div>\n\t\t\t\t<div class=\"elementor-element elementor-element-7493ecb Sisterhood elementor-widget__width-auto elementor-widget elementor-widget-text-editor\" data-id=\"7493ecb\" data-element_type=\"widget\" data-e-type=\"widget\" data-widget_type=\"text-editor.default\">\n\t\t\t\t\t\t\t\t\t<p>transformative power<\/p>\t\t\t\t\t\t\t\t<\/div>\n\t\t\t\t\t<\/div>\n\t\t<\/div>\n\t\t\t\t\t<\/div>\n\t\t<\/section>\n\t\t\t\t<div class=\"elementor-element elementor-element-ed4537a Helvetica elementor-widget elementor-widget-text-editor\" data-id=\"ed4537a\" data-element_type=\"widget\" data-e-type=\"widget\" data-widget_type=\"text-editor.default\">\n\t\t\t\t\t\t\t\t\t<p>of nutrition, knowledge, and<\/p>\t\t\t\t\t\t\t\t<\/div>\n\t\t\t\t<div class=\"elementor-element elementor-element-46be3ca Helvetica elementor-widget elementor-widget-text-editor\" data-id=\"46be3ca\" data-element_type=\"widget\" data-e-type=\"widget\" data-widget_type=\"text-editor.default\">\n\t\t\t\t\t\t\t\t\t<p>ethical industry.<\/p>\t\t\t\t\t\t\t\t<\/div>\n\t\t\t\t\t<\/div>\n\t\t<\/div>\n\t\t\t\t<div class=\"elementor-column elementor-col-50 elementor-top-column elementor-element elementor-element-3f47c5e\" data-id=\"3f47c5e\" data-element_type=\"column\" data-e-type=\"column\">\n\t\t\t<div class=\"elementor-widget-wrap elementor-element-populated\">\n\t\t\t\t\t\t<div class=\"elementor-element elementor-element-c205c5e elementor-widget elementor-widget-image\" data-id=\"c205c5e\" data-element_type=\"widget\" data-e-type=\"widget\" data-widget_type=\"image.default\">\n\t\t\t\t\t\t\t\t\t\t\t\t\t\t\t<img fetchpriority=\"high\" decoding=\"async\" width=\"713\" height=\"712\" src=\"https:\/\/win.com.mx\/wp-content\/uploads\/2025\/12\/Foto1.png\" class=\"elementor-animation-grow attachment-full size-full wp-image-1144\" alt=\"\" srcset=\"https:\/\/win.com.mx\/wp-content\/uploads\/2025\/12\/Foto1.png 713w, https:\/\/win.com.mx\/wp-content\/uploads\/2025\/12\/Foto1-300x300.png 300w, https:\/\/win.com.mx\/wp-content\/uploads\/2025\/12\/Foto1-150x150.png 150w\" sizes=\"(max-width: 713px) 100vw, 713px\" \/>\t\t\t\t\t\t\t\t\t\t\t\t\t\t\t<\/div>\n\t\t\t\t\t<\/div>\n\t\t<\/div>\n\t\t\t\t\t<\/div>\n\t\t<\/section>\n\t\t\t\t<section class=\"elementor-section elementor-top-section elementor-element elementor-element-abdc605 elementor-section-full_width elementor-section-stretched elementor-section-height-default elementor-section-height-default\" data-id=\"abdc605\" data-element_type=\"section\" data-e-type=\"section\" data-settings=\"{&quot;stretch_section&quot;:&quot;section-stretched&quot;,&quot;background_background&quot;:&quot;classic&quot;}\">\n\t\t\t\t\t\t<div class=\"elementor-container elementor-column-gap-no\">\n\t\t\t\t\t<div class=\"elementor-column elementor-col-100 elementor-top-column elementor-element elementor-element-1b5bc81\" data-id=\"1b5bc81\" data-element_type=\"column\" data-e-type=\"column\">\n\t\t\t<div class=\"elementor-widget-wrap elementor-element-populated\">\n\t\t\t\t\t\t<div class=\"elementor-element elementor-element-114c718 Helvetica elementor-widget elementor-widget-text-editor\" data-id=\"114c718\" data-element_type=\"widget\" data-e-type=\"widget\" data-widget_type=\"text-editor.default\">\n\t\t\t\t\t\t\t\t\t<p><b>Our commitment<\/b> goes beyond the laboratory.<\/p>\t\t\t\t\t\t\t\t<\/div>\n\t\t\t\t<div class=\"elementor-element elementor-element-4666074 Helvetica elementor-widget elementor-widget-text-editor\" data-id=\"4666074\" data-element_type=\"widget\" data-e-type=\"widget\" data-widget_type=\"text-editor.default\">\n\t\t\t\t\t\t\t\t\t<p>We promote a <b>corporate culture<\/b> based on:<\/p>\t\t\t\t\t\t\t\t<\/div>\n\t\t\t\t<section class=\"elementor-section elementor-inner-section elementor-element elementor-element-e1978dd elementor-section-full_width elementor-section-height-default elementor-section-height-default\" data-id=\"e1978dd\" data-element_type=\"section\" data-e-type=\"section\">\n\t\t\t\t\t\t<div class=\"elementor-container elementor-column-gap-no\">\n\t\t\t\t\t<div class=\"elementor-column elementor-col-25 elementor-inner-column elementor-element elementor-element-c1b18d4\" data-id=\"c1b18d4\" data-element_type=\"column\" data-e-type=\"column\">\n\t\t\t<div class=\"elementor-widget-wrap elementor-element-populated\">\n\t\t\t\t\t\t<div class=\"elementor-element elementor-element-b499b2b HelveticaBold elementor-widget-tablet__width-initial elementor-widget elementor-widget-text-editor\" data-id=\"b499b2b\" data-element_type=\"widget\" data-e-type=\"widget\" data-widget_type=\"text-editor.default\">\n\t\t\t\t\t\t\t\t\t<p>Support for communities <br \/>through social <br \/>and educational programs.<\/p>\t\t\t\t\t\t\t\t<\/div>\n\t\t\t\t\t<\/div>\n\t\t<\/div>\n\t\t\t\t<div class=\"elementor-column elementor-col-25 elementor-inner-column elementor-element elementor-element-a77720b\" data-id=\"a77720b\" data-element_type=\"column\" data-e-type=\"column\">\n\t\t\t<div class=\"elementor-widget-wrap elementor-element-populated\">\n\t\t\t\t\t\t<div class=\"elementor-element elementor-element-c75bb11 elementor-widget elementor-widget-image\" data-id=\"c75bb11\" data-element_type=\"widget\" data-e-type=\"widget\" data-widget_type=\"image.default\">\n\t\t\t\t\t\t\t\t\t\t\t\t\t\t\t<img decoding=\"async\" width=\"387\" height=\"329\" src=\"https:\/\/win.com.mx\/wp-content\/uploads\/2026\/01\/Elementos1.1-1.png\" class=\"elementor-animation-shrink attachment-full size-full wp-image-2094\" alt=\"\" srcset=\"https:\/\/win.com.mx\/wp-content\/uploads\/2026\/01\/Elementos1.1-1.png 387w, https:\/\/win.com.mx\/wp-content\/uploads\/2026\/01\/Elementos1.1-1-300x255.png 300w, https:\/\/win.com.mx\/wp-content\/uploads\/2026\/01\/Elementos1.1-1-14x12.png 14w\" sizes=\"(max-width: 387px) 100vw, 387px\" \/>\t\t\t\t\t\t\t\t\t\t\t\t\t\t\t<\/div>\n\t\t\t\t\t<\/div>\n\t\t<\/div>\n\t\t\t\t<div class=\"elementor-column elementor-col-25 elementor-inner-column elementor-element elementor-element-0e88161\" data-id=\"0e88161\" data-element_type=\"column\" data-e-type=\"column\">\n\t\t\t<div class=\"elementor-widget-wrap elementor-element-populated\">\n\t\t\t\t\t\t<div class=\"elementor-element elementor-element-fd1e9b9 elementor-widget elementor-widget-image\" data-id=\"fd1e9b9\" data-element_type=\"widget\" data-e-type=\"widget\" data-widget_type=\"image.default\">\n\t\t\t\t\t\t\t\t\t\t\t\t\t\t\t<img decoding=\"async\" width=\"398\" height=\"329\" src=\"https:\/\/win.com.mx\/wp-content\/uploads\/2026\/01\/Elementos1.2-7.png\" class=\"elementor-animation-shrink attachment-full size-full wp-image-2305\" alt=\"\" srcset=\"https:\/\/win.com.mx\/wp-content\/uploads\/2026\/01\/Elementos1.2-7.png 398w, https:\/\/win.com.mx\/wp-content\/uploads\/2026\/01\/Elementos1.2-7-300x248.png 300w, https:\/\/win.com.mx\/wp-content\/uploads\/2026\/01\/Elementos1.2-7-15x12.png 15w\" sizes=\"(max-width: 398px) 100vw, 398px\" \/>\t\t\t\t\t\t\t\t\t\t\t\t\t\t\t<\/div>\n\t\t\t\t\t<\/div>\n\t\t<\/div>\n\t\t\t\t<div class=\"elementor-column elementor-col-25 elementor-inner-column elementor-element elementor-element-3d3bd72\" data-id=\"3d3bd72\" data-element_type=\"column\" data-e-type=\"column\">\n\t\t\t<div class=\"elementor-widget-wrap elementor-element-populated\">\n\t\t\t\t\t\t<div class=\"elementor-element elementor-element-e8a9e6c HelveticaBold elementor-widget elementor-widget-text-editor\" data-id=\"e8a9e6c\" data-element_type=\"widget\" data-e-type=\"widget\" data-widget_type=\"text-editor.default\">\n\t\t\t\t\t\t\t\t\t<p>Ethics and regulatory <br \/>compliance<\/p>\t\t\t\t\t\t\t\t<\/div>\n\t\t\t\t\t<\/div>\n\t\t<\/div>\n\t\t\t\t\t<\/div>\n\t\t<\/section>\n\t\t\t\t<section class=\"elementor-section elementor-inner-section elementor-element elementor-element-39669f7 elementor-section-full_width elementor-section-height-default elementor-section-height-default\" data-id=\"39669f7\" data-element_type=\"section\" data-e-type=\"section\">\n\t\t\t\t\t\t<div class=\"elementor-container elementor-column-gap-no\">\n\t\t\t\t\t<div class=\"elementor-column elementor-col-25 elementor-inner-column elementor-element elementor-element-9a386f9\" data-id=\"9a386f9\" data-element_type=\"column\" data-e-type=\"column\">\n\t\t\t<div class=\"elementor-widget-wrap elementor-element-populated\">\n\t\t\t\t\t\t<div class=\"elementor-element elementor-element-a388d60 HelveticaBold elementor-widget-tablet__width-initial elementor-widget elementor-widget-text-editor\" data-id=\"a388d60\" data-element_type=\"widget\" data-e-type=\"widget\" data-widget_type=\"text-editor.default\">\n\t\t\t\t\t\t\t\t\t<p>Bienestar de nuestros <br>colaboradores<\/p>\t\t\t\t\t\t\t\t<\/div>\n\t\t\t\t\t<\/div>\n\t\t<\/div>\n\t\t\t\t<div class=\"elementor-column elementor-col-25 elementor-inner-column elementor-element elementor-element-768f369\" data-id=\"768f369\" data-element_type=\"column\" data-e-type=\"column\">\n\t\t\t<div class=\"elementor-widget-wrap elementor-element-populated\">\n\t\t\t\t\t\t<div class=\"elementor-element elementor-element-c56dc82 elementor-widget elementor-widget-image\" data-id=\"c56dc82\" data-element_type=\"widget\" data-e-type=\"widget\" data-widget_type=\"image.default\">\n\t\t\t\t\t\t\t\t\t\t\t\t\t\t\t<img loading=\"lazy\" decoding=\"async\" width=\"387\" height=\"329\" src=\"https:\/\/win.com.mx\/wp-content\/uploads\/2026\/01\/Elementos1.3-1.png\" class=\"elementor-animation-shrink attachment-full size-full wp-image-2096\" alt=\"\" srcset=\"https:\/\/win.com.mx\/wp-content\/uploads\/2026\/01\/Elementos1.3-1.png 387w, https:\/\/win.com.mx\/wp-content\/uploads\/2026\/01\/Elementos1.3-1-300x255.png 300w, https:\/\/win.com.mx\/wp-content\/uploads\/2026\/01\/Elementos1.3-1-14x12.png 14w\" sizes=\"(max-width: 387px) 100vw, 387px\" \/>\t\t\t\t\t\t\t\t\t\t\t\t\t\t\t<\/div>\n\t\t\t\t\t<\/div>\n\t\t<\/div>\n\t\t\t\t<div class=\"elementor-column elementor-col-25 elementor-inner-column elementor-element elementor-element-b33c100\" data-id=\"b33c100\" data-element_type=\"column\" data-e-type=\"column\">\n\t\t\t<div class=\"elementor-widget-wrap elementor-element-populated\">\n\t\t\t\t\t\t<div class=\"elementor-element elementor-element-e131dd2 elementor-widget elementor-widget-image\" data-id=\"e131dd2\" data-element_type=\"widget\" data-e-type=\"widget\" data-widget_type=\"image.default\">\n\t\t\t\t\t\t\t\t\t\t\t\t\t\t\t<img loading=\"lazy\" decoding=\"async\" width=\"387\" height=\"329\" src=\"https:\/\/win.com.mx\/wp-content\/uploads\/2026\/01\/Elementos1.4-1.png\" class=\"elementor-animation-shrink attachment-full size-full wp-image-2097\" alt=\"\" srcset=\"https:\/\/win.com.mx\/wp-content\/uploads\/2026\/01\/Elementos1.4-1.png 387w, https:\/\/win.com.mx\/wp-content\/uploads\/2026\/01\/Elementos1.4-1-300x255.png 300w, https:\/\/win.com.mx\/wp-content\/uploads\/2026\/01\/Elementos1.4-1-14x12.png 14w\" sizes=\"(max-width: 387px) 100vw, 387px\" \/>\t\t\t\t\t\t\t\t\t\t\t\t\t\t\t<\/div>\n\t\t\t\t\t<\/div>\n\t\t<\/div>\n\t\t\t\t<div class=\"elementor-column elementor-col-25 elementor-inner-column elementor-element elementor-element-0a2952b\" data-id=\"0a2952b\" data-element_type=\"column\" data-e-type=\"column\">\n\t\t\t<div class=\"elementor-widget-wrap elementor-element-populated\">\n\t\t\t\t\t\t<div class=\"elementor-element elementor-element-92e45cf HelveticaBold elementor-widget elementor-widget-text-editor\" data-id=\"92e45cf\" data-element_type=\"widget\" data-e-type=\"widget\" data-widget_type=\"text-editor.default\">\n\t\t\t\t\t\t\t\t\t<p>Producci\u00f3n responsable<\/p>\t\t\t\t\t\t\t\t<\/div>\n\t\t\t\t\t<\/div>\n\t\t<\/div>\n\t\t\t\t\t<\/div>\n\t\t<\/section>\n\t\t\t\t<section class=\"elementor-section elementor-inner-section elementor-element elementor-element-6787d83 elementor-section-full_width elementor-section-height-default elementor-section-height-default\" data-id=\"6787d83\" data-element_type=\"section\" data-e-type=\"section\">\n\t\t\t\t\t\t<div class=\"elementor-container elementor-column-gap-no\">\n\t\t\t\t\t<div class=\"elementor-column elementor-col-100 elementor-inner-column elementor-element elementor-element-6040b8d\" data-id=\"6040b8d\" data-element_type=\"column\" data-e-type=\"column\" data-settings=\"{&quot;background_background&quot;:&quot;classic&quot;}\">\n\t\t\t<div class=\"elementor-widget-wrap elementor-element-populated\">\n\t\t\t\t\t\t<div class=\"elementor-element elementor-element-a20842c Sisterhood elementor-widget__width-auto elementor-widget elementor-widget-text-editor\" data-id=\"a20842c\" data-element_type=\"widget\" data-e-type=\"widget\" data-widget_type=\"text-editor.default\">\n\t\t\t\t\t\t\t\t\t<p>Objectives<\/p>\t\t\t\t\t\t\t\t<\/div>\n\t\t\t\t<div class=\"elementor-element elementor-element-f04c33e HelveticaBold elementor-widget__width-auto elementor-widget elementor-widget-text-editor\" data-id=\"f04c33e\" data-element_type=\"widget\" data-e-type=\"widget\" data-widget_type=\"text-editor.default\">\n\t\t\t\t\t\t\t\t\t<p>2025<\/p>\t\t\t\t\t\t\t\t<\/div>\n\t\t\t\t\t<\/div>\n\t\t<\/div>\n\t\t\t\t\t<\/div>\n\t\t<\/section>\n\t\t\t\t<section class=\"elementor-section elementor-inner-section elementor-element elementor-element-cfcdc0f elementor-section-full_width elementor-section-height-default elementor-section-height-default\" data-id=\"cfcdc0f\" data-element_type=\"section\" data-e-type=\"section\">\n\t\t\t\t\t\t<div class=\"elementor-container elementor-column-gap-default\">\n\t\t\t\t\t<div class=\"elementor-column elementor-col-50 elementor-inner-column elementor-element elementor-element-7187ebc\" data-id=\"7187ebc\" data-element_type=\"column\" data-e-type=\"column\">\n\t\t\t<div class=\"elementor-widget-wrap elementor-element-populated\">\n\t\t\t\t\t\t<div class=\"elementor-element elementor-element-c185ace elementor-widget elementor-widget-image\" data-id=\"c185ace\" data-element_type=\"widget\" data-e-type=\"widget\" data-widget_type=\"image.default\">\n\t\t\t\t\t\t\t\t\t\t\t\t\t\t\t<img loading=\"lazy\" decoding=\"async\" width=\"563\" height=\"344\" src=\"https:\/\/win.com.mx\/wp-content\/uploads\/2026\/01\/Elementos1.5.png\" class=\"elementor-animation-wobble-to-top-right attachment-full size-full wp-image-2315\" alt=\"\" srcset=\"https:\/\/win.com.mx\/wp-content\/uploads\/2026\/01\/Elementos1.5.png 563w, https:\/\/win.com.mx\/wp-content\/uploads\/2026\/01\/Elementos1.5-300x183.png 300w, https:\/\/win.com.mx\/wp-content\/uploads\/2026\/01\/Elementos1.5-18x12.png 18w\" sizes=\"(max-width: 563px) 100vw, 563px\" \/>\t\t\t\t\t\t\t\t\t\t\t\t\t\t\t<\/div>\n\t\t\t\t<div class=\"elementor-element elementor-element-4fb1547 elementor-widget elementor-widget-image\" data-id=\"4fb1547\" data-element_type=\"widget\" data-e-type=\"widget\" data-widget_type=\"image.default\">\n\t\t\t\t\t\t\t\t\t\t\t\t\t\t\t<img loading=\"lazy\" decoding=\"async\" width=\"563\" height=\"344\" src=\"https:\/\/win.com.mx\/wp-content\/uploads\/2026\/01\/Elementos1.6.png\" class=\"elementor-animation-wobble-to-top-right attachment-full size-full wp-image-2316\" alt=\"\" srcset=\"https:\/\/win.com.mx\/wp-content\/uploads\/2026\/01\/Elementos1.6.png 563w, https:\/\/win.com.mx\/wp-content\/uploads\/2026\/01\/Elementos1.6-300x183.png 300w, https:\/\/win.com.mx\/wp-content\/uploads\/2026\/01\/Elementos1.6-18x12.png 18w\" sizes=\"(max-width: 563px) 100vw, 563px\" \/>\t\t\t\t\t\t\t\t\t\t\t\t\t\t\t<\/div>\n\t\t\t\t<div class=\"elementor-element elementor-element-0dc25f8 elementor-widget elementor-widget-image\" data-id=\"0dc25f8\" data-element_type=\"widget\" data-e-type=\"widget\" data-widget_type=\"image.default\">\n\t\t\t\t\t\t\t\t\t\t\t\t\t\t\t<img loading=\"lazy\" decoding=\"async\" width=\"563\" height=\"344\" src=\"https:\/\/win.com.mx\/wp-content\/uploads\/2026\/01\/Elementos1.7.png\" class=\"elementor-animation-wobble-to-top-right attachment-full size-full wp-image-2317\" alt=\"\" srcset=\"https:\/\/win.com.mx\/wp-content\/uploads\/2026\/01\/Elementos1.7.png 563w, https:\/\/win.com.mx\/wp-content\/uploads\/2026\/01\/Elementos1.7-300x183.png 300w, https:\/\/win.com.mx\/wp-content\/uploads\/2026\/01\/Elementos1.7-18x12.png 18w\" sizes=\"(max-width: 563px) 100vw, 563px\" \/>\t\t\t\t\t\t\t\t\t\t\t\t\t\t\t<\/div>\n\t\t\t\t\t<\/div>\n\t\t<\/div>\n\t\t\t\t<div class=\"elementor-column elementor-col-50 elementor-inner-column elementor-element elementor-element-1a6d8e0\" data-id=\"1a6d8e0\" data-element_type=\"column\" data-e-type=\"column\">\n\t\t\t<div class=\"elementor-widget-wrap elementor-element-populated\">\n\t\t\t\t\t\t<div class=\"elementor-element elementor-element-d5c0cf2 HelveticaBold elementor-widget elementor-widget-text-editor\" data-id=\"d5c0cf2\" data-element_type=\"widget\" data-e-type=\"widget\" data-widget_type=\"text-editor.default\">\n\t\t\t\t\t\t\t\t\t205% reduction of environmental impact<br>in processes\t\t\t\t\t\t\t\t<\/div>\n\t\t\t\t<div class=\"elementor-element elementor-element-db290a2 HelveticaBold elementor-widget elementor-widget-text-editor\" data-id=\"db290a2\" data-element_type=\"widget\" data-e-type=\"widget\" data-widget_type=\"text-editor.default\">\n\t\t\t\t\t\t\t\t\t<p>Inclusion of raw materials<br \/>from fair trade sources<\/p>\t\t\t\t\t\t\t\t<\/div>\n\t\t\t\t<div class=\"elementor-element elementor-element-13e9c23 HelveticaBold elementor-widget elementor-widget-text-editor\" data-id=\"13e9c23\" data-element_type=\"widget\" data-e-type=\"widget\" data-widget_type=\"text-editor.default\">\n\t\t\t\t\t\t\t\t\t<p>Nutritional education in<br \/>vulnerable communities<\/p>\t\t\t\t\t\t\t\t<\/div>\n\t\t\t\t\t<\/div>\n\t\t<\/div>\n\t\t\t\t\t<\/div>\n\t\t<\/section>\n\t\t\t\t<section class=\"elementor-section elementor-inner-section elementor-element elementor-element-5454a9e elementor-section-full_width elementor-section-height-default elementor-section-height-default\" data-id=\"5454a9e\" data-element_type=\"section\" data-e-type=\"section\">\n\t\t\t\t\t\t<div class=\"elementor-container elementor-column-gap-default\">\n\t\t\t\t\t<div class=\"elementor-column elementor-col-100 elementor-inner-column elementor-element elementor-element-af3c203\" data-id=\"af3c203\" data-element_type=\"column\" data-e-type=\"column\">\n\t\t\t<div class=\"elementor-widget-wrap elementor-element-populated\">\n\t\t\t\t\t\t<div class=\"elementor-element elementor-element-a86b089 elementor-align-center Helvetica elementor-widget elementor-widget-button\" data-id=\"a86b089\" data-element_type=\"widget\" data-e-type=\"widget\" data-widget_type=\"button.default\">\n\t\t\t\t\t\t\t\t\t\t<a class=\"elementor-button elementor-button-link elementor-size-sm\" href=\"https:\/\/win.com.mx\/en\/contacto\/\">\n\t\t\t\t\t\t<span class=\"elementor-button-content-wrapper\">\n\t\t\t\t\t\t\t\t\t<span class=\"elementor-button-text\">Discover our social initiatives<\/span>\n\t\t\t\t\t<\/span>\n\t\t\t\t\t<\/a>\n\t\t\t\t\t\t\t\t<\/div>\n\t\t\t\t\t<\/div>\n\t\t<\/div>\n\t\t\t\t\t<\/div>\n\t\t<\/section>\n\t\t\t\t\t<\/div>\n\t\t<\/div>\n\t\t\t\t\t<\/div>\n\t\t<\/section>\n\t\t\t\t<\/div>","protected":false},"excerpt":{"rendered":"<p>Creemos en el poder transformador de la nutrici\u00f3n, el conocimiento y la industria \u00e9tica. Nuestro compromiso va m\u00e1s all\u00e1 del laboratorio. Promovemos una cultura corporativa basada en: Apoyo a comunidades a trav\u00e9s de programas sociales y educativos. \u00c9tica y cumplimiento regulatorio Bienestar de nuestros colaboradores Producci\u00f3n responsable Objetivos 2025 Reducci\u00f3n del 205% de impactoambiental en&hellip;<\/p>","protected":false},"author":1,"featured_media":0,"parent":0,"menu_order":0,"comment_status":"closed","ping_status":"closed","template":"","meta":{"footnotes":""},"class_list":["post-611","page","type-page","status-publish","hentry"],"_links":{"self":[{"href":"https:\/\/win.com.mx\/en\/wp-json\/wp\/v2\/pages\/611","targetHints":{"allow":["GET"]}}],"collection":[{"href":"https:\/\/win.com.mx\/en\/wp-json\/wp\/v2\/pages"}],"about":[{"href":"https:\/\/win.com.mx\/en\/wp-json\/wp\/v2\/types\/page"}],"author":[{"embeddable":true,"href":"https:\/\/win.com.mx\/en\/wp-json\/wp\/v2\/users\/1"}],"replies":[{"embeddable":true,"href":"https:\/\/win.com.mx\/en\/wp-json\/wp\/v2\/comments?post=611"}],"version-history":[{"count":0,"href":"https:\/\/win.com.mx\/en\/wp-json\/wp\/v2\/pages\/611\/revisions"}],"wp:attachment":[{"href":"https:\/\/win.com.mx\/en\/wp-json\/wp\/v2\/media?parent=611"}],"curies":[{"name":"wp","href":"https:\/\/api.w.org\/{rel}","templated":true}]}}